{"id":10,"date":"2013-02-26T22:50:55","date_gmt":"2013-02-26T22:50:55","guid":{"rendered":"http:\/\/kindervonwien.at\/?page_id=10"},"modified":"2023-08-01T12:39:35","modified_gmt":"2023-08-01T11:39:35","slug":"inhalt","status":"publish","type":"page","link":"https:\/\/kindervonwien.at\/","title":{"rendered":"Home"},"content":{"rendered":"<p>Der gro\u00dfe streitbare Satiriker <strong>Robert Neumann<\/strong> schreibt im Jahr 1946 eine <em>&#8222;violent, gentle story&#8220;<\/em>, vermeldet der New Yorker Herald Tribune.<br \/>\n<strong><em>Children of Vienna<\/em><\/strong> f\u00fchrt uns in ein fiktives Nachkriegswien. Schleichh\u00e4ndler, Amtspersonen, Alliierte, wei\u00dfe und schwarze Missionare, L\u00e4use, Dreck und Wanzen. F\u00fcnf \u00fcbrig gebliebene Kinder hausen in einer Wohngemeinschaft des Mangels, aber auch der anarchischen Freiheit. Sie begegnen dem Leben ohne Moral, daf\u00fcr mit fast tierhafter Z\u00e4higkeit und bei\u00dfendem Witz.<\/p>\n<blockquote>\n<p style=\"text-align: right;\">\u00ab\u2026 but it is a long way from the world it reflects<br \/>\nto the full meals we shall eat tonight.\u00bb<br \/>\n<em>(Lewis Gannett, Herald Tribune, Ny 1947)<\/em><\/p>\n<\/blockquote>\n<p>Neumanns geniale Parabel hat die Jahre \u00fcberfl\u00fcgelt, die Wegstrecke m\u00fchelos eingeholt und ist nichts anderes als ein Zeitst\u00fcck 2013 \u00fcber <em>displaced persons<\/em> aller Kontinente in einem hinrei\u00dfenden <em>displaced slang<\/em>, der Zeit und Ort aufhebt und den Betrachter mit der Tr\u00e4ne im Knopfloch, der Wut im Bauch und dem Lachen im Hals zur\u00fcckl\u00e4sst.<\/p>\n<p><a title=\"Termine &amp; Tickets\" href=\"http:\/\/kindervonwien.at\/?page_id=75\">Ab 15. Mai 2013 im Programm der Wiener Festwochen! <\/a><a href=\"http:\/\/www.festwochen.at\/index.php?id=eventdetail&amp;detail=846\" target=\"_blank\"><img decoding=\"async\" src=\"http:\/\/kindervonwien.at\/wp-content\/uploads\/2013\/02\/logo_festwochen-e1362002372163.jpg\" alt=\"Wiener Festwochen\" \/><\/a><\/p>\n<blockquote>\n<p class=\"fb-like\" data-href=\"http:\/\/www.kindervonwien.at\" data-send=\"true\" data-width=\"450\" data-show-faces=\"false\">\u00abEs muss ein M\u00e4rchen werden,<br \/>\ndenn M\u00e4rchen sind wahr.\u00bb<br \/>\n<em>(Robert Neumann)<\/em><\/p>\n<\/blockquote>\n<h2><\/h2>\n<h2>Das Video zum Wienerlied-Update &#8222;Howeverstillalive&#8220;:<\/h2>\n<div style=\"padding:56.25% 0 0 0;position:relative;\"><iframe src=\"https:\/\/player.vimeo.com\/video\/64320957?badge=0&amp;autopause=0&amp;player_id=0&amp;app_id=58479\" frameborder=\"0\" allow=\"autoplay; fullscreen; picture-in-picture\" allowfullscreen style=\"position:absolute;top:0;left:0;width:100%;height:100%;\" title=\"Howeverstillalive (feat. Werner Brix &amp; David Wurawa)\"><\/iframe><\/div>\n<p><script src=\"https:\/\/player.vimeo.com\/api\/player.js\"><\/script><br \/>\n<a href=\"http:\/\/vimeo.com\/64320957\">Howeverstillalive (feat. Werner Brix &amp; David Wurawa)<\/a> from <a href=\"http:\/\/vimeo.com\/user7547090\">Drama Shop<\/a> on <a href=\"http:\/\/vimeo.com\">Vimeo<\/a>.<\/p>\n","protected":false},"excerpt":{"rendered":"<p>Der gro\u00dfe streitbare Satiriker Robert Neumann schreibt im Jahr 1946 eine &#8222;violent, gentle story&#8220;, vermeldet der New Yorker Herald Tribune. Children of Vienna f\u00fchrt uns in ein fiktives Nachkriegswien. Schleichh\u00e4ndler, Amtspersonen, Alliierte, wei\u00dfe und schwarze Missionare, L\u00e4use, Dreck und Wanzen. &hellip; <a href=\"https:\/\/kindervonwien.at\/\">Weiterlesen <span class=\"meta-nav\">&rarr;<\/span><\/a><\/p>\n","protected":false},"author":1,"featured_media":0,"parent":0,"menu_order":1,"comment_status":"closed","ping_status":"open","template":"","meta":{"jetpack_post_was_ever_published":false},"aioseo_notices":[],"jetpack_shortlink":"https:\/\/wp.me\/P3g70S-a","jetpack_sharing_enabled":true,"_links":{"self":[{"href":"https:\/\/kindervonwien.at\/index.php?rest_route=\/wp\/v2\/pages\/10"}],"collection":[{"href":"https:\/\/kindervonwien.at\/index.php?rest_route=\/wp\/v2\/pages"}],"about":[{"href":"https:\/\/kindervonwien.at\/index.php?rest_route=\/wp\/v2\/types\/page"}],"author":[{"embeddable":true,"href":"https:\/\/kindervonwien.at\/index.php?rest_route=\/wp\/v2\/users\/1"}],"replies":[{"embeddable":true,"href":"https:\/\/kindervonwien.at\/index.php?rest_route=%2Fwp%2Fv2%2Fcomments&post=10"}],"version-history":[{"count":55,"href":"https:\/\/kindervonwien.at\/index.php?rest_route=\/wp\/v2\/pages\/10\/revisions"}],"predecessor-version":[{"id":1631,"href":"https:\/\/kindervonwien.at\/index.php?rest_route=\/wp\/v2\/pages\/10\/revisions\/1631"}],"wp:attachment":[{"href":"https:\/\/kindervonwien.at\/index.php?rest_route=%2Fwp%2Fv2%2Fmedia&parent=10"}],"curies":[{"name":"wp","href":"https:\/\/api.w.org\/{rel}","templated":true}]}}