{"id":100,"date":"2013-02-27T21:23:16","date_gmt":"2013-02-27T20:23:16","guid":{"rendered":"http:\/\/kindervonwien.at\/?page_id=100"},"modified":"2013-04-01T13:33:40","modified_gmt":"2013-04-01T12:33:40","slug":"fragen","status":"publish","type":"page","link":"https:\/\/kindervonwien.at\/?page_id=100","title":{"rendered":"History"},"content":{"rendered":"<p>Die gro\u00dfen Fragen, die dieses verdr\u00e4ngte St\u00fcck Weltliteratur aufwirft, die seine einzigartigen Charaktere ansprechen, werden mit Zeitzeugen, ehemaligen Kindern von Wien, WissenschaftlerInnen und K\u00fcnstlerInnen <b>im Salon5 im 15. Wiener Bezirk<\/b> weitergesponnen und diskutiert: Die <b>History,<\/b> die Neumanns inkommensurable Geschichte bedingt, wird lebendig. Die Zukunftsfragen, die sich aus den Schicksalen der \u201eTrotzdemimmernochlebendigen\u201c ergeben, werden herausdestilliert. Denn das \u201eLand jenseits des Meridians der Verzweiflung\u201c, das Neumann in seinem imagin\u00e4ren Wien beschreibt, besteht immer noch und \u00fcberall auf der Welt, wo Krieg, Gewalt und Formen des Faschismus und Radikalismus die schiere M\u00f6glichkeit des Mensch-Seins auf die Probe stellen.<\/p>\n<p><b>Story und History<\/b> &#8211; die lustvolle Suche nach der Geschichte und den Figuren von Neumanns Werk auf der B\u00fchne, und die Suche nach Begreifen und L\u00f6sung im Salon &#8211; kreisen unweigerlich um folgende Fragen:<\/p>\n<ul>\n<li>Gibt es eine <b>ZUKUNFT<\/b> nach einem Ereignis, das jede Zukunft abschafft? Wie sieht sie aus? Gibt es <b>GLAUBEN<\/b>? Woran? Warum? Wie? Welchen?<\/li>\n<li>Was ist <b>KINDHEIT<\/b> unter Bedingungen, die dem Kind-Sein feindlich entgegenstehen?<\/li>\n<li>Kann <b>SPRACHE<\/b> bestehen, wenn Kultur und Kommunikation ermordet werden?\u00a0 Entsteht eine neue Sprache? Welche?<\/li>\n<li>Erm\u00f6glicht die Anarchie des Neustarts eine <b>FREIHEIT<\/b>, die von der Wiederaufbaugesellschaft gef\u00fcrchtet und daher nicht integriert werden kann?<\/li>\n<li>Kann ein Staat, der seine Wunden und Traumata durch konsequente <b>VERDR\u00c4NGUNG<\/b> \u00fcbert\u00fcncht, ein authentisches neues Selbstbewusstsein entwickeln oder bleibt \u2013 allgegenw\u00e4rtig \u2013 der <b>\u201ePhantomschmerz\u201c?<\/b><\/li>\n<\/ul>\n<p>Wir wollen ein lebendiges, \u00f6ffentliches Nachdenken \u00fcber diese Fragen anzetteln und freuen uns auf Ihren Diskussionsbeitrag &#8211; davor, danach, live oder virtuell!<\/p>\n","protected":false},"excerpt":{"rendered":"<p>Die gro\u00dfen Fragen, die dieses verdr\u00e4ngte St\u00fcck Weltliteratur aufwirft, die seine einzigartigen Charaktere ansprechen, werden mit Zeitzeugen, ehemaligen Kindern von Wien, WissenschaftlerInnen und K\u00fcnstlerInnen im Salon5 im 15. Wiener Bezirk weitergesponnen und diskutiert: Die History, die Neumanns inkommensurable Geschichte bedingt, &hellip; <a href=\"https:\/\/kindervonwien.at\/?page_id=100\">Weiterlesen <span class=\"meta-nav\">&rarr;<\/span><\/a><\/p>\n","protected":false},"author":1,"featured_media":0,"parent":0,"menu_order":0,"comment_status":"open","ping_status":"open","template":"","meta":{"jetpack_post_was_ever_published":false},"aioseo_notices":[],"jetpack_shortlink":"https:\/\/wp.me\/P3g70S-1C","jetpack_sharing_enabled":true,"_links":{"self":[{"href":"https:\/\/kindervonwien.at\/index.php?rest_route=\/wp\/v2\/pages\/100"}],"collection":[{"href":"https:\/\/kindervonwien.at\/index.php?rest_route=\/wp\/v2\/pages"}],"about":[{"href":"https:\/\/kindervonwien.at\/index.php?rest_route=\/wp\/v2\/types\/page"}],"author":[{"embeddable":true,"href":"https:\/\/kindervonwien.at\/index.php?rest_route=\/wp\/v2\/users\/1"}],"replies":[{"embeddable":true,"href":"https:\/\/kindervonwien.at\/index.php?rest_route=%2Fwp%2Fv2%2Fcomments&post=100"}],"version-history":[{"count":9,"href":"https:\/\/kindervonwien.at\/index.php?rest_route=\/wp\/v2\/pages\/100\/revisions"}],"predecessor-version":[{"id":306,"href":"https:\/\/kindervonwien.at\/index.php?rest_route=\/wp\/v2\/pages\/100\/revisions\/306"}],"wp:attachment":[{"href":"https:\/\/kindervonwien.at\/index.php?rest_route=%2Fwp%2Fv2%2Fmedia&parent=100"}],"curies":[{"name":"wp","href":"https:\/\/api.w.org\/{rel}","templated":true}]}}