{"id":235,"date":"2013-03-10T13:26:26","date_gmt":"2013-03-10T12:26:26","guid":{"rendered":"http:\/\/kindervonwien.at\/?page_id=235"},"modified":"2013-03-10T13:26:26","modified_gmt":"2013-03-10T12:26:26","slug":"robert-neumann","status":"publish","type":"page","link":"https:\/\/kindervonwien.at\/?page_id=235","title":{"rendered":"Robert Neumann"},"content":{"rendered":"<p>Robert Neumann, 1897 in Wien geboren; Studium der Medizin, Chemie und Germanistik; danach u. a. Bankangestellter, Effektenkassierer, Schwimmtrainer und Matrose. Mit seinen Parodien \u201eMit fremden Federn\u201c (1927) und \u201eUnter falscher Flagge\u201c (1932) erreichte er literarische Bekanntheit; 1934 Emigration nach England, wo er weiterhin als Autor arbeitete; ab 1939 T\u00e4tigkeit f\u00fcr den \u00f6sterreichischen und internationalen P.E.N., dessen Vizepr\u00e4sident er 1950 wurde. Neumann ver\u00f6ffentlichte weit mehr als hundert B\u00fccher, Theaterst\u00fccke, H\u00f6rspiele und Drehb\u00fccher, z\u00e4hlt heute jedoch zu den gro\u00dfen untersch\u00e4tzten Romanciers \u00d6sterreichs, dessen Wiederentdeckung und literarische Neueinsch\u00e4tzung noch aussteht. Er starb 1975 in M\u00fcnchen.<\/p>\n<p><a href=\"http:\/\/kindervonwien.at\/wp-content\/uploads\/2013\/03\/Robert_Neumann_Bildrechte-Imagno-Barbara-Pflaum.jpg\"><img decoding=\"async\" loading=\"lazy\" class=\"alignnone size-thumbnail wp-image-237\" alt=\"Robert Neumann\" src=\"http:\/\/kindervonwien.at\/wp-content\/uploads\/2013\/03\/Robert_Neumann_Bildrechte-Imagno-Barbara-Pflaum-150x147.jpg\" width=\"150\" height=\"147\" srcset=\"https:\/\/kindervonwien.at\/wp-content\/uploads\/2013\/03\/Robert_Neumann_Bildrechte-Imagno-Barbara-Pflaum-150x147.jpg 150w, https:\/\/kindervonwien.at\/wp-content\/uploads\/2013\/03\/Robert_Neumann_Bildrechte-Imagno-Barbara-Pflaum-300x295.jpg 300w, https:\/\/kindervonwien.at\/wp-content\/uploads\/2013\/03\/Robert_Neumann_Bildrechte-Imagno-Barbara-Pflaum.jpg 813w\" sizes=\"(max-width: 150px) 100vw, 150px\" \/><\/a><\/p>\n<p>Wikipedia: <a title=\"Robert Neumann\" href=\"http:\/\/de.wikipedia.org\/wiki\/Robert_Neumann\" target=\"_blank\">Robert Neumann<\/a><\/p>\n","protected":false},"excerpt":{"rendered":"<p>Robert Neumann, 1897 in Wien geboren; Studium der Medizin, Chemie und Germanistik; danach u. a. Bankangestellter, Effektenkassierer, Schwimmtrainer und Matrose. Mit seinen Parodien \u201eMit fremden Federn\u201c (1927) und \u201eUnter falscher Flagge\u201c (1932) erreichte er literarische Bekanntheit; 1934 Emigration nach England, &hellip; <a href=\"https:\/\/kindervonwien.at\/?page_id=235\">Weiterlesen <span class=\"meta-nav\">&rarr;<\/span><\/a><\/p>\n","protected":false},"author":1,"featured_media":0,"parent":0,"menu_order":0,"comment_status":"closed","ping_status":"open","template":"","meta":{"jetpack_post_was_ever_published":false},"aioseo_notices":[],"jetpack_shortlink":"https:\/\/wp.me\/P3g70S-3N","jetpack_sharing_enabled":true,"_links":{"self":[{"href":"https:\/\/kindervonwien.at\/index.php?rest_route=\/wp\/v2\/pages\/235"}],"collection":[{"href":"https:\/\/kindervonwien.at\/index.php?rest_route=\/wp\/v2\/pages"}],"about":[{"href":"https:\/\/kindervonwien.at\/index.php?rest_route=\/wp\/v2\/types\/page"}],"author":[{"embeddable":true,"href":"https:\/\/kindervonwien.at\/index.php?rest_route=\/wp\/v2\/users\/1"}],"replies":[{"embeddable":true,"href":"https:\/\/kindervonwien.at\/index.php?rest_route=%2Fwp%2Fv2%2Fcomments&post=235"}],"version-history":[{"count":12,"href":"https:\/\/kindervonwien.at\/index.php?rest_route=\/wp\/v2\/pages\/235\/revisions"}],"predecessor-version":[{"id":248,"href":"https:\/\/kindervonwien.at\/index.php?rest_route=\/wp\/v2\/pages\/235\/revisions\/248"}],"wp:attachment":[{"href":"https:\/\/kindervonwien.at\/index.php?rest_route=%2Fwp%2Fv2%2Fmedia&parent=235"}],"curies":[{"name":"wp","href":"https:\/\/api.w.org\/{rel}","templated":true}]}}